{"id":2,"date":"2022-03-30T13:23:37","date_gmt":"2022-03-30T13:23:37","guid":{"rendered":"http:\/\/angelarmas.com\/?page_id=2"},"modified":"2026-02-17T17:40:28","modified_gmt":"2026-02-17T17:40:28","slug":"sample-page","status":"publish","type":"page","link":"https:\/\/angelarmas.com\/","title":{"rendered":"Convierte tu web en la mejor herramienta para vender"},"content":{"rendered":"\r\n<p>&nbsp;<\/p>\r\n<p>Tu negocio no necesita m\u00e1s texto.<\/p>\r\n<p>Necesita un mensaje claro y estrategia para convertir.<\/p>\r\n<p>\r\n\r\n<\/p>\r\n<p>&nbsp;<\/p>\r\n<p>\r\n\r\n<\/p>\r\n<p>\r\n\r\n<\/p>\r\n<h2 class=\"wp-block-heading\">El problema no es tu web, es lo que comunica<\/h2>\r\n<p>&nbsp;<\/p>\r\n<p>\r\n\r\n<\/p>\r\n<p class=\"is-layout-flow wp-block-quote-is-layout-flow\">Puedes tener un dise\u00f1o bonito, tr\u00e1fico, presencia en las redes&#8230;<\/p>\r\n<p>Pero si tu mensaje no es claro:<\/p>\r\n<ul>\r\n<li>No conectas con tu cliente<\/li>\r\n<li>No generas confianza<\/li>\r\n<li>No destacas<\/li>\r\n<li>No vendes<\/li>\r\n<\/ul>\r\n<p>&nbsp;<\/p>\r\n<p><span style=\"font-size: inherit;\">As\u00ed de f\u00e1cil.<\/span><\/p>\r\n<h2>\u00a0<\/h2>\r\n<h2 class=\"wp-block-heading\">Qu\u00e9 hago para tu negocio<\/h2>\r\n<p>&nbsp;<\/p>\r\n<p>No creo solo textos, trabajo en la comunicaci\u00f3n estrat\u00e9gica de tu empresa para que:\u00a0\u00a0<\/p>\r\n<ul>\r\n<li>Tu propuesta de valor sea clara y deferenciadora<\/li>\r\n<li>Tu contenido posicione en buscadores<\/li>\r\n<li>Tu marca transmita profesionalidad<\/li>\r\n<li>Consigas autoridad<\/li>\r\n<\/ul>\r\n<p>&nbsp;<\/p>\r\n<p>Crecer no es decir m\u00e1s. Es decir lo correcto de la forma correcta.<\/p>\r\n<p>&nbsp;<\/p>\r\n<h2>Servicios<\/h2>\r\n<p>&nbsp;<\/p>\r\n<p><strong><i class=\"fas fa-arrow-right \" ><\/i> Estrategia de mensaje y posicionamiento<\/strong><\/p>\r\n<p>Concretamos qu\u00e9 dices, a qui\u00e9n y c\u00f3mo diferenciarte.<\/p>\r\n<p><strong><i class=\"fas fa-arrow-right \" ><\/i> Copywriting para web y p\u00e1ginas de venta<\/strong><\/p>\r\n<p>Construyo textos estrat\u00e9gicos para que tu web sea el mejor comercial las 24 horas.<\/p>\r\n<p><strong><i class=\"fas fa-arrow-right \" ><\/i> Contenido estrat\u00e9gico y SEO<\/strong><\/p>\r\n<p>Consigo tr\u00e1fico cualificado con contenido estrat\u00e9gico y persuasivo.<\/p>\r\n<p><strong><i class=\"fas fa-arrow-right \" ><\/i> Email marketing<\/strong><\/p>\r\n<p>Construyo secuencias de email para conseguir m\u00e1s clientes.<\/p>\r\n<p>&nbsp;<\/p>\r\n<h2>Por qu\u00e9 trabajar conmigo<\/h2>\r\n<h2>\u00a0<\/h2>\r\n<p><\/p>\r\n<p><\/p>\r\n<p><\/p>\r\n<p>Llevo m\u00e1s de 25 a\u00f1os trabajando en entornos donde saber comunicar marca la diferencia.<\/p>\r\n<p>Mi formaci\u00f3n en copywriting, SEO y filolog\u00eda me permite unir:<\/p>\r\n<figure id=\"attachment_271\" aria-describedby=\"caption-attachment-271\" style=\"width: 290px\" class=\"wp-caption alignright\"><img fetchpriority=\"high\" decoding=\"async\" class=\"wp-image-271\" style=\"width: 193px; height: 193px;\" src=\"https:\/\/angelarmas.com\/wp-content\/uploads\/2024\/01\/Mi-foto-web-.jpg\" alt=\"Copywriting\" width=\"300\" height=\"300\" srcset=\"https:\/\/angelarmas.com\/wp-content\/uploads\/2024\/01\/Mi-foto-web-.jpg 300w, https:\/\/angelarmas.com\/wp-content\/uploads\/2024\/01\/Mi-foto-web--150x150.jpg 150w, https:\/\/angelarmas.com\/wp-content\/uploads\/2024\/01\/Mi-foto-web--111x111.jpg 111w\" sizes=\"(max-width: 300px) 100vw, 300px\" \/><figcaption id=\"caption-attachment-271\" class=\"wp-caption-text\">Copywriter \u00c1ngel Armas<\/figcaption><\/figure>\r\n<i class=\"fas fa-caret-right \" ><\/i> Estrategia<\/p>\r\n<i class=\"fas fa-caret-right \" ><\/i> Psicolog\u00eda de ventas\u00a0<\/p>\r\n<i class=\"fas fa-caret-right \" ><\/i> Posicionamiento web<\/p>\r\n<i class=\"fas fa-caret-right \" ><\/i> Estructuras persuasivas<\/p>\r\n<p>Dise\u00f1o estrategias y creo textos alineados con tu negocio. No improviso.<\/p>\r\n<p>&nbsp;<\/p>\r\n<h2>C\u00f3mo trabajamos<\/h2>\r\n<p>&nbsp;<\/p>\r\n<p><\/p>\r\n<p><\/p>\r\n<p><\/p>\r\n<p><\/p>\r\n<p><\/p>\r\n<p><\/p>\r\n<p><\/p>\r\n<p><\/p>\r\n<p><\/p>\r\n<p>Nuestra relaci\u00f3n ser\u00e1 as\u00ed.<\/p>\r\n<p><\/p>\r\n<p><\/p>\r\n<ul class=\"wp-block-list\">\r\n<li>Hacemos un primer contacto para conocernos. Me cuentas lo que necesitas y respondes un cuestionario sobre tu negocio.<\/li>\r\n<\/ul>\r\n<p><\/p>\r\n<p><\/p>\r\n<ul>\r\n<li>Te llamo a las 48 horas para ver si nos entendemos.<\/li>\r\n<\/ul>\r\n<p><\/p>\r\n<p><\/p>\r\n<ul>\r\n<li>Si todo va bien, planeamos una cita online.<\/li>\r\n<\/ul>\r\n<p><\/p>\r\n<p><\/p>\r\n<ul>\r\n<li>Investigo sobre tu empresa y la competencia directa e indirecta.<\/li>\r\n<\/ul>\r\n<p><\/p>\r\n<p><\/p>\r\n<p><\/p>\r\n<p><\/p>\r\n<p><\/p>\r\n<p><\/p>\r\n<ul>\r\n<li>Me pongo a escribir y te env\u00edo el borrador.<\/li>\r\n<\/ul>\r\n<p><\/p>\r\n<p><\/p>\r\n<ul>\r\n<li>Lo miras y me dices qu\u00e9 opinas.<\/li>\r\n<\/ul>\r\n<p><\/p>\r\n<p><\/p>\r\n<ul>\r\n<li>Modifico lo que sea necesario.<\/li>\r\n<\/ul>\r\n<p><\/p>\r\n<p><\/p>\r\n<ul>\r\n<li>\u00a1Listo! Te mando el texto definitivo.<\/li>\r\n<\/ul>\r\n<p><\/p>\r\n<p><\/p>\r\n<p>&nbsp;<\/p>\r\n<p><span style=\"font-family: inherit; font-size: 35px; font-style: inherit;\">Sigues con dudas. Vamos a ello<\/span><\/p>\r\n<p>&nbsp;<\/p>\r\n<p><\/p>\r\n<p><\/p>\r\n<ul class=\"wp-block-list\">\r\n<li>\u00bfCu\u00e1nto cuestan mis servicios? La respuesta depende del proyecto y la estrategia.<\/li>\r\n<\/ul>\r\n<p><\/p>\r\n<p><\/p>\r\n<ul>\r\n<li>\u00bfVas a tardar mucho en terminarlo? Seg\u00fan el proyecto, puede ser d\u00edas o semanas.<\/li>\r\n<\/ul>\r\n<p><\/p>\r\n<p><\/p>\r\n<ul>\r\n<li>\u00bfSe trata solo de escribir? No, hay que encontrar la estrategia para tu negocio.<\/li>\r\n<\/ul>\r\n<p>&nbsp;<\/p>\r\n<p><\/p>\r\n<p><\/p>\r\n<p><\/p>\r\n<p>Si tu web no est\u00e1 dando los resultados que esperas, es hora de cambiar el enfoque.<\/p>\r\n<p>Contacta por tel\u00e9fono, email o formulario.<\/p>\r\n<i class=\"fas fa-phone-volume \" ><\/i>\u2063: 0034+ 627.196.452<\/p>\r\n<p><span style=\"font-size: 19px;\">Email en el link <i class=\"far fa-envelope \" ><\/i>: <a href=\"mailto: contacto@angelarmas.com\">email<\/a><\/span><\/p>\r\n<p><\/p>\r\n<p><\/p>\r\n<p><\/p>\r\n\n<div class=\"wpcf7 no-js\" id=\"wpcf7-f323-o1\" lang=\"es-ES\" dir=\"ltr\" data-wpcf7-id=\"323\">\n<div class=\"screen-reader-response\"><p role=\"status\" aria-live=\"polite\" aria-atomic=\"true\"><\/p> <ul><\/ul><\/div>\n<form action=\"\/index.php\/wp-json\/wp\/v2\/pages\/2#wpcf7-f323-o1\" method=\"post\" class=\"wpcf7-form init\" aria-label=\"Formulario de contacto\" novalidate=\"novalidate\" data-status=\"init\">\n<fieldset class=\"hidden-fields-container\"><input type=\"hidden\" name=\"_wpcf7\" value=\"323\" \/><input type=\"hidden\" name=\"_wpcf7_version\" value=\"6.1.5\" \/><input type=\"hidden\" name=\"_wpcf7_locale\" value=\"es_ES\" \/><input type=\"hidden\" name=\"_wpcf7_unit_tag\" value=\"wpcf7-f323-o1\" \/><input type=\"hidden\" name=\"_wpcf7_container_post\" value=\"0\" \/><input type=\"hidden\" name=\"_wpcf7_posted_data_hash\" value=\"\" \/>\n<\/fieldset>\n<p><label> Nombre<br \/>\n<span class=\"wpcf7-form-control-wrap\" data-name=\"your-name\"><input size=\"40\" maxlength=\"400\" class=\"wpcf7-form-control wpcf7-text wpcf7-validates-as-required\" autocomplete=\"name\" aria-required=\"true\" aria-invalid=\"false\" value=\"\" type=\"text\" name=\"your-name\" \/><\/span> <\/label>\n<\/p>\n<p><label> Correo electr\u00f3nico<br \/>\n<span class=\"wpcf7-form-control-wrap\" data-name=\"your-email\"><input size=\"40\" maxlength=\"400\" class=\"wpcf7-form-control wpcf7-email wpcf7-validates-as-required wpcf7-text wpcf7-validates-as-email\" autocomplete=\"email\" aria-required=\"true\" aria-invalid=\"false\" value=\"\" type=\"email\" name=\"your-email\" \/><\/span> <\/label>\n<\/p>\n<p><label> Tu mensaje (opcional)<br \/>\n<span class=\"wpcf7-form-control-wrap\" data-name=\"your-message\"><textarea cols=\"40\" rows=\"10\" maxlength=\"2000\" class=\"wpcf7-form-control wpcf7-textarea\" aria-invalid=\"false\" name=\"your-message\"><\/textarea><\/span> <\/label>\n<\/p>\n<p><span class=\"wpcf7-form-control-wrap\" data-name=\"acceptance-508\"><span class=\"wpcf7-form-control wpcf7-acceptance\"><span class=\"wpcf7-list-item\"><input type=\"checkbox\" name=\"acceptance-508\" value=\"1\" aria-invalid=\"false\" \/><\/span><\/span><\/span> Acepto la pol\u00edtica de privacidad\n<\/p>\n<p><input class=\"wpcf7-form-control wpcf7-submit has-spinner\" type=\"submit\" value=\"Enviar\" \/>\n<\/p><div class=\"wpcf7-response-output\" aria-hidden=\"true\"><\/div>\n<\/form>\n<\/div>\n\r\n<p><\/p>\r\n<p><\/p>\r\n<div class=\"wp-block-contact-form-7-contact-form-selector\">\u00a0<\/div>\r\n<p><\/p>\r\n<p><\/p>\r\n<div class=\"wp-block-buttons is-layout-flex wp-block-buttons-is-layout-flex\"><\/div>\r\n<p><\/p><div class=\"remoji_bar\"><div class=\"remoji_add_container\" data-remoji-id=\"2\" data-remoji-type=\"post\"><div class=\"remoji_add_icon\"><\/div><\/div><div class=\"remoji_error_bar\" data-remoji-id=\"2\" data-remoji-type=\"post\" style=\"display: none;\">Error happened.<\/div><\/div>","protected":false},"excerpt":{"rendered":"<p>&nbsp; Tu negocio no necesita m\u00e1s texto. Necesita un mensaje claro y estrategia para convertir. &nbsp; El problema no es tu web, es lo que comunica &nbsp; Puedes tener un dise\u00f1o bonito, tr\u00e1fico, presencia en las redes&#8230; Pero si tu mensaje no es claro: No conectas con tu cliente No generas confianza No destacas No &#8230; <a title=\"Convierte tu web en la mejor herramienta para vender\" class=\"read-more\" href=\"https:\/\/angelarmas.com\/\" aria-label=\"Leer m\u00e1s sobre Convierte tu web en la mejor herramienta para vender\">Leer m\u00e1s<\/a><\/p>\n","protected":false},"author":1,"featured_media":0,"parent":0,"menu_order":0,"comment_status":"closed","ping_status":"open","template":"","meta":{"_joinchat":[],"footnotes":""},"class_list":["post-2","page","type-page","status-publish"],"aioseo_notices":[],"jetpack_sharing_enabled":true,"_links":{"self":[{"href":"https:\/\/angelarmas.com\/index.php\/wp-json\/wp\/v2\/pages\/2","targetHints":{"allow":["GET"]}}],"collection":[{"href":"https:\/\/angelarmas.com\/index.php\/wp-json\/wp\/v2\/pages"}],"about":[{"href":"https:\/\/angelarmas.com\/index.php\/wp-json\/wp\/v2\/types\/page"}],"author":[{"embeddable":true,"href":"https:\/\/angelarmas.com\/index.php\/wp-json\/wp\/v2\/users\/1"}],"replies":[{"embeddable":true,"href":"https:\/\/angelarmas.com\/index.php\/wp-json\/wp\/v2\/comments?post=2"}],"version-history":[{"count":129,"href":"https:\/\/angelarmas.com\/index.php\/wp-json\/wp\/v2\/pages\/2\/revisions"}],"predecessor-version":[{"id":860,"href":"https:\/\/angelarmas.com\/index.php\/wp-json\/wp\/v2\/pages\/2\/revisions\/860"}],"wp:attachment":[{"href":"https:\/\/angelarmas.com\/index.php\/wp-json\/wp\/v2\/media?parent=2"}],"curies":[{"name":"wp","href":"https:\/\/api.w.org\/{rel}","templated":true}]}}