{"id":452,"date":"2024-02-19T14:09:11","date_gmt":"2024-02-19T14:09:11","guid":{"rendered":"https:\/\/angelarmas.com\/?page_id=452"},"modified":"2024-02-19T16:29:24","modified_gmt":"2024-02-19T16:29:24","slug":"copywriting-turistico-con-estrategia-y-corazon-que-engancha-y-convierte","status":"publish","type":"page","link":"https:\/\/angelarmas.com\/index.php\/copywriting-turistico-con-estrategia-y-corazon-que-engancha-y-convierte\/","title":{"rendered":"Copywriting tur\u00edstico con estrategia y coraz\u00f3n que engancha y convierte"},"content":{"rendered":"\r\n<p>\u00bfListo para que tus clientes vivan experiencias inolvidables y olvidarte de pagar por reserva?<\/p>\r\n<p>\u00bfConoces el <strong>copywriting tur\u00edstico<\/strong>?\u00a0<\/p>\r\n\r\n\r\n\r\n<p>Cada viaje es una aventura que merece recordar. Una historia que hay que contar. Mi misi\u00f3n es <strong>despertar la emoci\u00f3n de visitar no solo un lugar, sino vivir una experiencia<\/strong>, despertar emociones y capturar esencias.<\/p>\r\n<p>Hacerle vivir a tu cliente la sensaci\u00f3n de disfrute, experimentar la sensaci\u00f3n de la arena caliente entre los dedos.<\/p>\r\n\r\n\r\n\r\n<p>De un cielo azul claro, una suave brisa de mar, que mire por la ventana y piense por un momento que est\u00e1 en un para\u00edso de jardines con palmeras, gardenias y palmitos.<\/p>\r\n\r\n\r\n\r\n<p>Un para\u00edso real que se lo puede permitir.<\/p>\r\n\r\n\r\n\r\n<p>En este lugar, puede disfrutar de unas vacaciones que recordar\u00e1 toda la vida. En turismo, cada detalle, cada palabra cuenta y puede ser el inicio de una gran aventura.<\/p>\r\n\r\n\r\n\r\n<p>Marca la diferencia. Enamora con palabras.<\/p>\r\n\r\n\r\n\r\n<p>Doy vida a los destinos, evoco las vistas, los olores y sabores. Narro las historias de otros clientes. Despierto el deseo de visitar tu hotel, saborear la comida de tu restaurante o disfrutar de un relajante masaje.<\/p>\r\n\r\n\r\n\r\n<p>Cuando <strong>se trata de copywriting tur\u00edstico, el deseo de dejar de leer y hacer la maleta<\/strong> para viajar a tu hotel o visitar tu restaurante surge de inmediato. Solo necesitas despertar la emoci\u00f3n y conocer a tu cliente.<\/p>\r\n\r\n\r\n\r\n<p>S\u00e9 de lo que hablo.<\/p>\r\n\r\n\r\n\r\n<h2 class=\"wp-block-heading\">Copywriting tur\u00edstico para potenciar tu marca<\/h2>\r\n\r\n\r\n\r\n<p>&nbsp;<\/p>\r\n\r\n\r\n\r\n<p>El <strong>copywriting tur\u00edstico ayuda a tus potenciales clientes a descubrir los beneficios<\/strong> que ofrece tu negocio y las oportunidades de experimentar una experiencia que quedar\u00e1 grabada en su recuerdo.<\/p>\r\n\r\n\r\n\r\n<p>Es un mundo de vivencias personales&#8230; placeres a descubrir&#8230; aventuras&#8230; descubrimientos.<\/p>\r\n\r\n\r\n\r\n<p>Te pongo ejemplos:<\/p>\r\n\r\n\r\n\r\n<p>\u2714\ufe0fDiferencio tu hotel de la competencia con servicios exclusivos, personal profesional y caracter\u00edsticas singulares.<\/p>\r\n\r\n\r\n\r\n<p>\u2714\ufe0fTextos optimizados con SEO para que te encuentren f\u00e1cil y puedas <strong>incrementar tus reservas directas<\/strong> y dejar de depender de agencias.<\/p>\r\n\r\n\r\n\r\n<p>\u2714\ufe0fCreo <strong>una conexi\u00f3n emocional con tus clientes<\/strong> para resaltar las comodidades y los servicios de tu hotel.<\/p>\r\n\r\n\r\n\r\n<p>\u2714\ufe0fIncito a probar el men\u00fa de tu restaurante <strong>describiendo el sabor y olor de tus platos.<\/strong><\/p>\r\n\r\n\r\n\r\n<p>\u2714\ufe0fPromociono la experiencia de comer en tu restaurante con un ambiente que incite a crear una vivencia m\u00e1s all\u00e1 de la comida.<\/p>\r\n\r\n\r\n\r\n<p>\u2714\ufe0fHago sentir la<strong> vivencia de relajaci\u00f3n y bienestar<\/strong> con tus tratamientos en tu spa.<\/p>\r\n\r\n\r\n\r\n<p>\u2714\ufe0fCreo im\u00e1genes mentales de la <strong>experiencia de tu destino<\/strong> que provoca el deseo de visitarlo.<\/p>\r\n\r\n\r\n\r\n<p>\u2714\ufe0fPersonalizo la <strong>experiencia de tu hotel o restaurante conectando con los deseos<\/strong> y necesidades de tu cliente.<\/p>\r\n\r\n\r\n\r\n<p>En un sector tan competitivo, el diferenciarte se hace necesario. El <strong>copywriting tur\u00edstico es la herramienta ideal para potenciar tu marca, comunicar tu valor y conectar con tu potencial cliente.<\/strong><\/p>\r\n\r\n\r\n\r\n<h2 class=\"wp-block-heading\">Copywriting tur\u00edstico, marketing y 25 a\u00f1os en el sector<\/h2>\r\n\r\n\r\n\r\n<p>&nbsp;<\/p>\r\n\r\n\r\n\r\n<p>\u00bfPor qu\u00e9 yo y no otro? Tengo estudios de copywriting, SEO, marketing y experiencia en el sector tur\u00edstico de 25 a\u00f1os.<\/p>\r\n\r\n\r\n\r\n<p>Es lo que te ofrezco.<\/p>\r\n<figure id=\"attachment_271\" aria-describedby=\"caption-attachment-271\" style=\"width: 340px\" class=\"wp-caption alignright\"><img fetchpriority=\"high\" decoding=\"async\" class=\" wp-image-271\" src=\"https:\/\/angelarmas.com\/wp-content\/uploads\/2024\/01\/Mi-foto-web-.jpg\" alt=\"Copywriting tur\u00edstico\" width=\"350\" height=\"350\" srcset=\"https:\/\/angelarmas.com\/wp-content\/uploads\/2024\/01\/Mi-foto-web-.jpg 300w, https:\/\/angelarmas.com\/wp-content\/uploads\/2024\/01\/Mi-foto-web--150x150.jpg 150w, https:\/\/angelarmas.com\/wp-content\/uploads\/2024\/01\/Mi-foto-web--111x111.jpg 111w\" sizes=\"(max-width: 350px) 100vw, 350px\" \/><figcaption id=\"caption-attachment-271\" class=\"wp-caption-text\">Copywriting tur\u00edstico<\/figcaption><\/figure>\r\n\r\n\r\n\r\n<p>\ud83e\uddd1\u200d\ud83c\udf93Estudi\u00e9 Filolog\u00eda Inglesa.<\/p>\r\n\r\n\r\n\r\n<p>\ud83e\uddd1\u200d\ud83c\udf93Me form\u00e9 en SEO con Dean Romero.<\/p>\r\n\r\n\r\n\r\n<p>\ud83e\uddd1\u200d\ud83c\udf93Curs\u00e9 Copywriting Creativo en la UNED.\u00a0 \u00a0 \u00a0 \u00a0 \u00a0 \u00a0 \u00a0 \u00a0 \u00a0 \u00a0 \u00a0 \u00a0 \u00a0 \u00a0 \u00a0 \u00a0 \u00a0 \u00a0 \u00a0 \u00a0 \u00a0 \u00a0 \u00a0 \u00a0 \u00a0 \u00a0 \u00a0 \u00a0 \u00a0 \u00a0 \u00a0 \u00a0 \u00a0 \u00a0 \u00a0 \u00a0 \u00a0 \u00a0 \u00a0 \u00a0 \u00a0 \u00a0 \u00a0 \u00a0 \u00a0 \u00a0 \u00a0 \u00a0 \u00a0 \u00a0 \u00a0 \u00a0 \u00a0 \u00a0 \u00a0 \u00a0 \u00a0 \u00a0 \u00a0 \u00a0<\/p>\r\n\r\n\r\n\r\n<p>\ud83e\uddd1\u200d\ud83c\udf93Copywriting de respuesta directa en la <em>American Writers &amp; Artists Institute<\/em>.<\/p>\r\n\r\n\r\n\r\n<p>\ud83e\uddd1\u200d\ud83c\udf93Soy Copywriter con Javi Pastor.<\/p>\r\n\r\n\r\n\r\n<p>\ud83e\uddd1\u200d\ud83c\udf93Sigo form\u00e1ndome en tres membres\u00edas de copywriting.<\/p>\r\n\r\n\r\n\r\n<p>\ud83c\udfe8Llevo 25 a\u00f1os trabajando en hoteles.<\/p>\r\n\r\n\r\n\r\n<p>Experiencia y estudios. No me digas que no te suena bien.<\/p>\r\n\r\n\r\n\r\n<h2 class=\"wp-block-heading\">En qu\u00e9 te puedo ayudar<\/h2>\r\n\r\n\r\n\r\n<p>&nbsp;<\/p>\r\n\r\n\r\n\r\n<p>\ud83c\udfe8 <strong>Alojamiento<\/strong>. Casas rurales, hoteles y hostales<\/p>\r\n\r\n\r\n\r\n<p>\ud83d\udee9\ufe0f <strong> Viajes. <\/strong>Agencias de viajes.<\/p>\r\n\r\n\r\n\r\n<p><strong> \ud83e\udd7e Experiencias<\/strong>. Excursiones, tours y aventura.<\/p>\r\n\r\n\r\n\r\n<p>&nbsp;<\/p>\r\n\r\n\r\n\r\n<h2 class=\"wp-block-heading\">Nuestra relaci\u00f3n ser\u00e1 as\u00ed<\/h2>\r\n\r\n\r\n\r\n<p>&nbsp;<\/p>\r\n\r\n\r\n\r\n<ul class=\"wp-block-list\">\r\n<li>Hacemos un primer contacto para conocernos. Me cuentas lo que necesitas y te pido responder un cuestionario sobre tu negocio.<\/li>\r\n<\/ul>\r\n\r\n\r\n\r\n<ul class=\"wp-block-list\">\r\n<li>Te llamo a las 48 horas para ver si nos entendemos.<\/li>\r\n<\/ul>\r\n\r\n\r\n\r\n<ul class=\"wp-block-list\">\r\n<li>Si todo va bien, planeamos una cita online.<\/li>\r\n<\/ul>\r\n\r\n\r\n\r\n<ul class=\"wp-block-list\">\r\n<li>Te preparo un presupuesto y definimos el plan de acci\u00f3n<\/li>\r\n<\/ul>\r\n\r\n\r\n\r\n<ul class=\"wp-block-list\">\r\n<li>Me abonas el 50% del presupuesto.<\/li>\r\n<\/ul>\r\n\r\n\r\n\r\n<ul class=\"wp-block-list\">\r\n<li>Te env\u00edo un formulario para que me cuentes de ti y tu negocio.<\/li>\r\n<\/ul>\r\n\r\n\r\n\r\n<ul class=\"wp-block-list\">\r\n<li>Investigo sobre tu empresa y la competencia directa e indirecta.<\/li>\r\n<\/ul>\r\n\r\n\r\n\r\n<ul class=\"wp-block-list\">\r\n<li>Me pongo a escribir y te env\u00edo el borrador.<\/li>\r\n<\/ul>\r\n\r\n\r\n\r\n<ul class=\"wp-block-list\">\r\n<li>Lo miras y me dices qu\u00e9 opinas.<\/li>\r\n<\/ul>\r\n\r\n\r\n\r\n<ul class=\"wp-block-list\">\r\n<li>Modifico lo que sea necesario.<\/li>\r\n<\/ul>\r\n\r\n\r\n\r\n<ul class=\"wp-block-list\">\r\n<li>Me abonas el resto del presupuesto.<\/li>\r\n<\/ul>\r\n\r\n\r\n\r\n<ul class=\"wp-block-list\">\r\n<li>\u00a1Listo! Te mando el texto definitivo.<\/li>\r\n<\/ul>\r\n<h2>\u00a0<\/h2>\r\n<h2>No lo pienses m\u00e1s<\/h2>\r\n<p>&nbsp;<\/p>\r\n<p>\u00a0Mi <strong>copywriting tur\u00edstico<\/strong> es el pasaporte para sacar provecho a tu negocio tur\u00edstico. Es la forma de transmitir las vivencias de tus clientes para mejorar tu marca y ganar visibilidad de tu oferta tur\u00edstica.<\/p>\r\n<p>\u00bf<a href=\"https:\/\/angelarmas.com\/\">Hablamos de copywriting para tu negocio<\/a>?<\/p>\r\n<p><span style=\"font-size: 19px;\">Manda email en el link <i class=\"far fa-envelope \" ><\/i>: <a href=\"mailto: contacto@angelarmas.com\">email<\/a><\/span><\/p>\r\n\n<div class=\"wpcf7 no-js\" id=\"wpcf7-f323-o1\" lang=\"es-ES\" dir=\"ltr\" data-wpcf7-id=\"323\">\n<div class=\"screen-reader-response\"><p role=\"status\" aria-live=\"polite\" aria-atomic=\"true\"><\/p> <ul><\/ul><\/div>\n<form action=\"\/index.php\/wp-json\/wp\/v2\/pages\/452#wpcf7-f323-o1\" method=\"post\" class=\"wpcf7-form init\" aria-label=\"Formulario de contacto\" novalidate=\"novalidate\" data-status=\"init\">\n<fieldset class=\"hidden-fields-container\"><input type=\"hidden\" name=\"_wpcf7\" value=\"323\" \/><input type=\"hidden\" name=\"_wpcf7_version\" value=\"6.1.5\" \/><input type=\"hidden\" name=\"_wpcf7_locale\" value=\"es_ES\" \/><input type=\"hidden\" name=\"_wpcf7_unit_tag\" value=\"wpcf7-f323-o1\" \/><input type=\"hidden\" name=\"_wpcf7_container_post\" value=\"0\" \/><input type=\"hidden\" name=\"_wpcf7_posted_data_hash\" value=\"\" \/>\n<\/fieldset>\n<p><label> Nombre<br \/>\n<span class=\"wpcf7-form-control-wrap\" data-name=\"your-name\"><input size=\"40\" maxlength=\"400\" class=\"wpcf7-form-control wpcf7-text wpcf7-validates-as-required\" autocomplete=\"name\" aria-required=\"true\" aria-invalid=\"false\" value=\"\" type=\"text\" name=\"your-name\" \/><\/span> <\/label>\n<\/p>\n<p><label> Correo electr\u00f3nico<br \/>\n<span class=\"wpcf7-form-control-wrap\" data-name=\"your-email\"><input size=\"40\" maxlength=\"400\" class=\"wpcf7-form-control wpcf7-email wpcf7-validates-as-required wpcf7-text wpcf7-validates-as-email\" autocomplete=\"email\" aria-required=\"true\" aria-invalid=\"false\" value=\"\" type=\"email\" name=\"your-email\" \/><\/span> <\/label>\n<\/p>\n<p><label> Tu mensaje (opcional)<br \/>\n<span class=\"wpcf7-form-control-wrap\" data-name=\"your-message\"><textarea cols=\"40\" rows=\"10\" maxlength=\"2000\" class=\"wpcf7-form-control wpcf7-textarea\" aria-invalid=\"false\" name=\"your-message\"><\/textarea><\/span> <\/label>\n<\/p>\n<p><span class=\"wpcf7-form-control-wrap\" data-name=\"acceptance-508\"><span class=\"wpcf7-form-control wpcf7-acceptance\"><span class=\"wpcf7-list-item\"><input type=\"checkbox\" name=\"acceptance-508\" value=\"1\" aria-invalid=\"false\" \/><\/span><\/span><\/span> Acepto la pol\u00edtica de privacidad\n<\/p>\n<p><input class=\"wpcf7-form-control wpcf7-submit has-spinner\" type=\"submit\" value=\"Enviar\" \/>\n<\/p><div class=\"wpcf7-response-output\" aria-hidden=\"true\"><\/div>\n<\/form>\n<\/div>\n\r\n\r\n\r\n\r\n\r\n\r\n<p>&nbsp;<\/p>\r\n<div class=\"remoji_bar\"><div class=\"remoji_add_container\" data-remoji-id=\"452\" data-remoji-type=\"post\"><div class=\"remoji_add_icon\"><\/div><\/div><div class=\"remoji_error_bar\" data-remoji-id=\"452\" data-remoji-type=\"post\" style=\"display: none;\">Error happened.<\/div><\/div>","protected":false},"excerpt":{"rendered":"<p>\u00bfListo para que tus clientes vivan experiencias inolvidables y olvidarte de pagar por reserva? \u00bfConoces el copywriting tur\u00edstico?\u00a0 Cada viaje es una aventura que merece recordar. Una historia que hay que contar. Mi misi\u00f3n es despertar la emoci\u00f3n de visitar no solo un lugar, sino vivir una experiencia, despertar emociones y capturar esencias. Hacerle vivir &#8230; <a title=\"Copywriting tur\u00edstico con estrategia y coraz\u00f3n que engancha y convierte\" class=\"read-more\" href=\"https:\/\/angelarmas.com\/index.php\/copywriting-turistico-con-estrategia-y-corazon-que-engancha-y-convierte\/\" aria-label=\"Leer m\u00e1s sobre Copywriting tur\u00edstico con estrategia y coraz\u00f3n que engancha y convierte\">Leer m\u00e1s<\/a><\/p>\n","protected":false},"author":1,"featured_media":0,"parent":0,"menu_order":0,"comment_status":"closed","ping_status":"closed","template":"","meta":{"_joinchat":{"message_text":"Hola,\n\u00bfHablamos de copywriting?"},"footnotes":""},"class_list":["post-452","page","type-page","status-publish"],"aioseo_notices":[],"jetpack_sharing_enabled":true,"_links":{"self":[{"href":"https:\/\/angelarmas.com\/index.php\/wp-json\/wp\/v2\/pages\/452","targetHints":{"allow":["GET"]}}],"collection":[{"href":"https:\/\/angelarmas.com\/index.php\/wp-json\/wp\/v2\/pages"}],"about":[{"href":"https:\/\/angelarmas.com\/index.php\/wp-json\/wp\/v2\/types\/page"}],"author":[{"embeddable":true,"href":"https:\/\/angelarmas.com\/index.php\/wp-json\/wp\/v2\/users\/1"}],"replies":[{"embeddable":true,"href":"https:\/\/angelarmas.com\/index.php\/wp-json\/wp\/v2\/comments?post=452"}],"version-history":[{"count":26,"href":"https:\/\/angelarmas.com\/index.php\/wp-json\/wp\/v2\/pages\/452\/revisions"}],"predecessor-version":[{"id":487,"href":"https:\/\/angelarmas.com\/index.php\/wp-json\/wp\/v2\/pages\/452\/revisions\/487"}],"wp:attachment":[{"href":"https:\/\/angelarmas.com\/index.php\/wp-json\/wp\/v2\/media?parent=452"}],"curies":[{"name":"wp","href":"https:\/\/api.w.org\/{rel}","templated":true}]}}