{"id":89,"date":"2022-04-13T17:41:47","date_gmt":"2022-04-13T17:41:47","guid":{"rendered":"https:\/\/angelarmas.com\/?page_id=89"},"modified":"2024-02-12T18:59:25","modified_gmt":"2024-02-12T18:59:25","slug":"seo-copywriting","status":"publish","type":"page","link":"https:\/\/angelarmas.com\/index.php\/seo-copywriting\/","title":{"rendered":"Seo Copywriting"},"content":{"rendered":"\r\n<p>Est\u00e1s en mi p\u00e1gina sobre <strong>SEO Copywriting.\u00a0<\/strong>Este concepto puede que te suene, pero no entiendes en qu\u00e9 consiste.\u00a0<\/p>\r\n<p>Te entiendo. Son dos disciplinas diferentes que se emplean para conseguir contenido de calidad y posicionar bien en los buscadores.\u00a0<\/p>\r\n\r\n\r\n\r\n<p><strong>El copywriting crea contenido de valor <\/strong>que se utiliza en publicidad y ventas. Busca persuadir al lector para que haga alguna acci\u00f3n como comprar, suscribirse a una newsletter o alguna otra cosa que pretende el copywriter.\u00a0<\/p>\r\n<p>Con el <strong>SEO se pretende posicionar en las primeras posiciones de los buscadores <\/strong>con las palabras adecuadas. Son las <strong>palabras clave<\/strong>. Las que la gente pone en los buscadores para conseguir informaci\u00f3n sobre alg\u00fan tema.\u00a0 \u00a0\u00a0<\/p>\r\n<p>Las dos disciplinas se combinan para crear textos persuasivos y que aparezcan en las primeras posiciones de los buscadores.<\/p>\r\n<p>\u00bfA qu\u00e9 suena bien?\u00a0<\/p>\r\n\r\n\r\n\r\n<div class=\"wp-block-image is-style-default\">\r\n<figure class=\"aligncenter size-medium\">\r\n<figure id=\"attachment_105\" aria-describedby=\"caption-attachment-105\" style=\"width: 290px\" class=\"wp-caption aligncenter\"><img decoding=\"async\" class=\"wp-image-105\" src=\"https:\/\/angelarmas.com\/wp-content\/uploads\/2022\/04\/SEO-Copywriting-300x158.png\" alt=\"SEO Copywriting\" width=\"300\" height=\"158\" srcset=\"https:\/\/angelarmas.com\/wp-content\/uploads\/2022\/04\/SEO-Copywriting-300x158.png 300w, https:\/\/angelarmas.com\/wp-content\/uploads\/2022\/04\/SEO-Copywriting-1024x539.png 1024w, https:\/\/angelarmas.com\/wp-content\/uploads\/2022\/04\/SEO-Copywriting-768x404.png 768w, https:\/\/angelarmas.com\/wp-content\/uploads\/2022\/04\/SEO-Copywriting.png 1520w\" sizes=\"(max-width: 300px) 100vw, 300px\" \/><figcaption id=\"caption-attachment-105\" class=\"wp-caption-text\">SEO Copywriting<\/figcaption><\/figure>\r\n\r\n<\/figure>\r\n<\/div>\r\n\r\n\r\n\r\n<h2 class=\"wp-block-heading\">\u00a0<\/h2>\r\n<h2>Qu\u00e9 es Seo Copywriting y para qu\u00e9 sirve<\/h2>\r\n\r\n\r\n\r\n<p>&nbsp;<\/p>\r\n<p>Sirve para escribir <strong>textos persuasivos<\/strong> con habilidades de escritura y posicionarlos arriba en los buscadores.<\/p>\r\n\r\n\r\n\r\n<p>Vamos a definir primero el copywriting.<\/p>\r\n\r\n\r\n\r\n<figure class=\"wp-block-pullquote\">\r\n<p>\u00abEl copywriting es un proceso mental que refleja la suma de todas tus experiencias, tu conocimiento espec\u00edfico y tu habilidad para procesar mentalmente la informaci\u00f3n y transferirla a un trozo de papel con el objetivo de vender un producto o servicio\u00bb. (Joseph Sugarman)\u00bb.<\/p>\r\n<blockquote>\r\n<p>&nbsp;<\/p>\r\n<\/blockquote>\r\n<\/figure>\r\n\r\n\r\n\r\n<p>Y SEO, \u00bfqu\u00e9 es? El proceso de optimizar tu sitio web para posicionarlo en los buscadores.<\/p>\r\n\r\n\r\n\r\n<p>Entonces, el <strong>SEO Copywriting<\/strong> combina t\u00e9cnicas de escritura con t\u00e9cnicas de <strong>posicionamiento SEO.<\/strong><\/p>\r\n\r\n\r\n\r\n<p>O sea, que te pone en los primeros puestos de las b\u00fasquedas de Google.<\/p>\r\n\r\n\r\n\r\n<p>As\u00ed, gustas a tus lectores y a los motores de b\u00fasqueda.<\/p>\r\n\r\n\r\n\r\n\r\n\r\n<p>Es una doble garant\u00eda para tu negocio- una doble arma poderosa<strong>.\u00a0\u00a0<\/strong>Eso s\u00ed, debes conocer la<strong> intenci\u00f3n de b\u00fasqueda de tu audiencia<\/strong>.<\/p>\r\n\r\n\r\n\r\n<p>El<strong> SEO Copywriting<\/strong> es una habilidad m\u00e1gica y misteriosa.<\/p>\r\n\r\n\r\n\r\n<p>Hay que saber las frases que vas a usar y el tono.<\/p>\r\n\r\n\r\n\r\n<p>Claro, igual o m\u00e1s importante es conocer al <strong>cliente ideal <\/strong>para atraer la atenci\u00f3n, conectar y solo se puede conseguir <strong>hablando claro y conciso<\/strong>.<\/p>\r\n\r\n\r\n\r\n<p>Y, la mejor forma de conectar es<strong> hablar de t\u00fa a t\u00fa<\/strong>, de persona a persona.<\/p>\r\n<p>&nbsp;<\/p>\r\n<h2>Seo copywriting y la intenci\u00f3n de b\u00fasqueda<\/h2>\r\n<h2>\u00a0<\/h2>\r\n<p>\u00a0Si entrar a Google o a alg\u00fan otro buscador, lo haces con alguna intenci\u00f3n. Tienes un prop\u00f3sito en la b\u00fasqueda. La intenci\u00f3n es satisfacer ese deseo o problema del lector al realizarla. Es darle al lector lo que quiere.<\/p>\r\n<p>As\u00ed de f\u00e1cil.\u00a0<\/p>\r\n<p>Lo que cambia de una b\u00fasqueda a otra es la intenci\u00f3n.\u00a0<\/p>\r\n<p>M\u00e1s adelante en el art\u00edculo, lo ver\u00e1s en detalle.\u00a0<\/p>\r\n<p>&nbsp;<\/p>\r\n\r\n\r\n\r\n<h2 class=\"wp-block-heading\">\u00a0SEO Copywriting y sus beneficios<\/h2>\r\n\r\n\r\n\r\n<p>\u2714\ufe0fGanar tr\u00e1fico.<\/p>\r\n\r\n\r\n\r\n<p>\u2714\ufe0fGenerar confianza.<\/p>\r\n\r\n\r\n\r\n<p>\u2714\ufe0fCrear m\u00e1s conversiones.<\/p>\r\n\r\n\r\n\r\n<p><strong>\u00bfQu\u00e9 consigues con SEO Copywriting?<\/strong><\/p>\r\n\r\n\r\n\r\n<p><strong>Establecer autoridad y confianza <\/strong>eligiendo temas que sean \u00fatiles y te ayuden a destacar de la competencia.<\/p>\r\n\r\n\r\n\r\n<p><strong>Aumentar las ventas,<\/strong> mejorando la p\u00e1gina de ventas y analizando la competencia.<\/p>\r\n\r\n\r\n\r\n<p><strong>Fidelizar los clientes<\/strong> creando una p\u00e1gina con preguntas frecuentes y soporte para crear una experiencia positiva y que vuelvan a comprar.<\/p>\r\n<p>&nbsp;<\/p>\r\n\r\n\r\n\r\n<h2 class=\"wp-block-heading\">Funciones de un SEO Copywriter<\/h2>\r\n<p>&nbsp;<\/p>\r\n\r\n\r\n\r\n<p>Conocer el producto y al cliente ideal es una de las funciones del <strong>SEO Copywriting<\/strong>. Es lo primero que hay que hacer.<\/p>\r\n\r\n\r\n\r\n<p>El objetivo final es conseguir m\u00e1s <strong>conversiones.<\/strong><\/p>\r\n\r\n\r\n\r\n<p>No conviene perder de vista el negocio y el cliente.<\/p>\r\n<p>&nbsp;<\/p>\r\n\r\n\r\n\r\n<h3 class=\"wp-block-heading\">Estudio de las palabras claves en SEO copywriting<\/h3>\r\n<p>&nbsp;<\/p>\r\n\r\n\r\n\r\n<p>El primer paso es hacer un buen<strong> estudio de las palabras clave<\/strong>. Esto es, entender c\u00f3mo la gente busca las palabras y saber el volumen de b\u00fasquedas.<\/p>\r\n\r\n\r\n\r\n<p>Por suerte, hay herramientas que te ayudan.<\/p>\r\n\r\n\r\n\r\n<p>Haz un listado de las posibles palabras clave y frases asociadas al producto o servicio.<\/p>\r\n\r\n\r\n\r\n<p>El siguiente proceso es elegir con las que te quedas.<\/p>\r\n\r\n\r\n\r\n<p>La b\u00fasqueda es funcional porque la idea es la familiarizaci\u00f3n de las palabras claves para decidir con la que trabajar.<\/p>\r\n\r\n\r\n\r\n<p>El buen <strong>SEO copywriter<\/strong>\u00a0 se centra en la intenci\u00f3n de b\u00fasqueda del cliente, o sea, la forma en la que la gente busca un producto en internet para atraerlos a tu web.<\/p>\r\n\r\n\r\n\r\n<p><strong>Identificar al cliente ideal <\/strong>es entonces crucial.<\/p>\r\n\r\n\r\n\r\n<p>Y, \u00bfcu\u00e1les son las intenciones de b\u00fasqueda?<\/p>\r\n\r\n\r\n\r\n<p>\u2714\ufe0f<strong>Informativa<\/strong>: quieres conocer un dato o leer algo en particular. Por ejemplo: \u00ab\u00bfqu\u00e9 es copywriting?\u00bb<\/p>\r\n\r\n\r\n\r\n<p>\u2714\ufe0f<strong>Navegacional<\/strong>: buscas una marca:\u00bb tenis Adidas\u00bb.<\/p>\r\n\r\n\r\n\r\n<p>\u2714\ufe0f<strong>Comercial<\/strong>: \u00abel mejor port\u00e1til del mercado\u00bb.<\/p>\r\n\r\n\r\n\r\n<p>\u2714\ufe0f<strong>Transaccional<\/strong>: \u00abcomprar iPhone 10\u00bb.<\/p>\r\n<p>&nbsp;<\/p>\r\n\r\n\r\n\r\n<h3 class=\"wp-block-heading\">Genera t\u00edtulos y contenido SEO copywriting<\/h3>\r\n\r\n\r\n\r\n<p>Ya tenemos las palabras clave. Ahora toca escribir.<\/p>\r\n\r\n\r\n\r\n<p>Los t\u00edtulos son los elementos m\u00e1s importantes\u00a0 del copy. Saber dar un buen enfoque y generar urgencia, utilidad, ser ultra-espec\u00edfico y \u00fanico son las mejores herramientas para enganchar con un t\u00edtulo.<\/p>\r\n\r\n\r\n\r\n<p><strong>Escribir contenido SEO <\/strong>parece algo l\u00f3gico, \u00bfverdad?<\/p>\r\n\r\n\r\n\r\n<p>Ya tienes las palabras claves.<\/p>\r\n\r\n\r\n\r\n<p>Ahora, lo mejor es tener presente a qui\u00e9n le est\u00e1s escribiendo y saber c\u00f3mo conectar con sus necesidades y deseos.<\/p>\r\n\r\n\r\n\r\n<p><strong>La experiencia del usuario <\/strong>conviene tenerla en cuenta siempre.<\/p>\r\n\r\n\r\n\r\n<p>La web debe estar centrada en el cliente. Es a \u00e9l a quien se le escribe.<\/p>\r\n\r\n\r\n\r\n<p>No hay nadie m\u00e1s relevante. La <strong>experiencia de usuario<\/strong> debe ser positiva.<\/p>\r\n\r\n\r\n\r\n<p>Otro factor a tener en cuenta en que sea f\u00e1cil de leer.<\/p>\r\n\r\n\r\n\r\n<p>Se trata de combinar el factor humano, o sea, escribimos para humanos y tambi\u00e9n que le guste a Google y le facilite las cosas.<\/p>\r\n\r\n\r\n\r\n<p>No es tarea f\u00e1cil. Lo s\u00e9. Pero, s\u00ed se puede conseguir.<\/p>\r\n\r\n\r\n\r\n<p>\u00bfC\u00f3mo?<\/p>\r\n\r\n\r\n\r\n<p>\u2705Usa un lenguaje f\u00e1cil de entender.<\/p>\r\n\r\n\r\n\r\n<p>\u2705No emplees 10 palabras si puedes utilizar 3.<\/p>\r\n\r\n\r\n\r\n<p>\u2705Rompe el texto con subt\u00edtulos para que sea f\u00e1cil de escanear.<\/p>\r\n\r\n\r\n\r\n<p>\u2705S\u00e9 consistente en el mensaje. Toda la web debe tener coherencia.<\/p>\r\n\r\n\r\n\r\n<p>\u2705Revisa los errores de ortograf\u00eda y gramaticales.<\/p>\r\n\r\n\r\n\r\n<p>Estos 5 elementos ayudan a escribir SEO copywriting para la web.<\/p>\r\n\r\n\r\n\r\n<h2 class=\"wp-block-heading\">5 elementos en SEO Copywriting<\/h2>\r\n<p>&nbsp;<\/p>\r\n\r\n\r\n\r\n<p>Hay 5 elementos que puedes aplicar de forma inmediata:<\/p>\r\n<p>&nbsp;<\/p>\r\n\r\n\r\n\r\n<h3 class=\"wp-block-heading\">Ten una estrategia de contenidos<\/h3>\r\n\r\n\r\n\r\n<p>Una buena estrategia te ayuda a ahorrar tiempo y dinero.<\/p>\r\n\r\n\r\n\r\n<p>Da una estructura a tu web o blog. No tiene que ser algo complejo.<\/p>\r\n\r\n\r\n\r\n<p><strong>Piensa en c\u00f3mo generar <\/strong>una estructura que tenga sentido para el usuario.<\/p>\r\n\r\n\r\n\r\n<p>Preg\u00fantate, \u00bfc\u00f3mo quieres que te encuentren y haz la estrategia?<\/p>\r\n\r\n\r\n\r\n<h3 class=\"wp-block-heading\">Crea un encabezados, etiquetas y metadescrpciones atractivas<\/h3>\r\n\r\n\r\n\r\n<p>Son cruciales para <strong>SEO<\/strong>. Cuando buscas, te fijas en las etiquetas y metadescripci\u00f3n de una p\u00e1gina.<\/p>\r\n\r\n\r\n\r\n<p>Tanto el <strong>encabezado como la metadescripci\u00f3n<\/strong> deben contener <strong>la palabra clave<\/strong>. <a href=\"https:\/\/rockcontent.com\/es\/blog\/seo-copywriting\/#:~:text=El%20SEO%20Copywriting%20es%20una,para%20los%20motores%20de%20b%C3%BAsqueda.\">Si quieres saber m\u00e1s de SEO Copywriting, haz clic en este link.<\/a><\/p>\r\n<p>Pon la palabra clave en la etiqueta del t\u00edtulo y que no supere los 50 caracteres. Conseguir satisfacer la intenci\u00f3n de b\u00fasqueda, describe bien el contenido.<\/p>\r\n<p>Las metadescripciones son importantes para el posicionamiento y la decisi\u00f3n del usuario. Incluye un verbo para provocar el clic del usuario.<\/p>\r\n<p>&nbsp;<\/p>\r\n\r\n\r\n\r\n<h3 class=\"wp-block-heading\">Contenido SEO copywriting bien estructurado<\/h3>\r\n<p>&nbsp;<\/p>\r\n\r\n\r\n\r\n<p>No est\u00e1 claro la densidad que debe tener la <strong>palabra clave<\/strong>.<\/p>\r\n\r\n\r\n\r\n<p>Se dice que podemos emplearla unas 6 veces en mil palabras.<\/p>\r\n\r\n\r\n\r\n<p>No hay una regla clara. Lo mejor es usarla de forma natural.<\/p>\r\n\r\n\r\n\r\n<p>Se puede incluir un resumen de lo que vamos a tratar en el post.<\/p>\r\n<p>&nbsp;<\/p>\r\n\r\n\r\n\r\n<h3 class=\"wp-block-heading\">Utiliza estrategias de Link-building<\/h3>\r\n<p>&nbsp;<\/p>\r\n\r\n\r\n\r\n<p>Este es un factor importante en SEO. Es la manera en que Google sabe si la p\u00e1gina es de fiar.<\/p>\r\n\r\n\r\n\r\n<p>La <strong>estrategia de link-building<\/strong> tiene dos partes: el interno y el externo.<\/p>\r\n\r\n\r\n\r\n<p>El <strong>contenido de calidad<\/strong> ayuda a conseguir links.<\/p>\r\n<p>&nbsp;<\/p>\r\n\r\n\r\n\r\n<h3 class=\"wp-block-heading\">Contenido fresco<\/h3>\r\n<p>&nbsp;<\/p>\r\n\r\n\r\n\r\n<p>Seguro que lo sabes. A los buscadores les gusta el contenido fresco.<\/p>\r\n\r\n\r\n\r\n<p>Por eso, a Google le encantan tanto los blogs.<\/p>\r\n\r\n\r\n\r\n<p>Aportan contenido nuevo.<\/p>\r\n\r\n\r\n\r\n<p>Al <strong>crear tu blog o p\u00e1gina web<\/strong>, ten presente que est\u00e1s escribiendo para personas. Anima a tus lectores a interactuar.<\/p>\r\n\r\n\r\n\r\n<p>Aportar <strong>contenido fresco <\/strong>es una garant\u00eda para posicionar bien tu blog.<\/p>\r\n\r\n\r\n\r\n<p>Adem\u00e1s, ganas visibilidad y llegas a m\u00e1s gente. Y eso gusta.<\/p>\r\n<p>&nbsp;<\/p>\r\n\r\n\r\n\r\n<h2 class=\"wp-block-heading\">Crea objetivos realistas<\/h2>\r\n<p>&nbsp;<\/p>\r\n\r\n\r\n\r\n<p>Hay muchos m\u00e1s elementos a tener en cuenta, pero esta lista enumera los principales.<\/p>\r\n\r\n\r\n\r\n<p>No hay que olvidar hacer un seguimiento a la estrategia para ver si est\u00e1 funcionando.<\/p>\r\n\r\n\r\n\r\n<p><strong>Los objetivos deben ser alcanzables<\/strong>. Pretender pasar de 10 a 1000 visitas de un d\u00eda para otro es poco realista.<\/p>\r\n<p>&nbsp;<\/p>\r\n\r\n\r\n\r\n<h2 class=\"wp-block-heading\">Qu\u00e9 es el posicionamiento SEO<\/h2>\r\n<p>&nbsp;<\/p>\r\n\r\n\r\n\r\n<p>El <strong>posicionamiento SEO<\/strong> es la importancia que Google da a nuestra web.<\/p>\r\n\r\n\r\n\r\n<p>A mejor posicionamiento, m\u00e1s visitas, mejor rentabilidad, ganancias y reputaci\u00f3n.<\/p>\r\n\r\n\r\n\r\n<p>\u00bfDe qu\u00e9 depende la posici\u00f3n de una web en Google?<\/p>\r\n\r\n\r\n\r\n<p>De un conjunto de estrategias de marketing digital:<\/p>\r\n\r\n\r\n\r\n<h3 class=\"wp-block-heading\">Tem\u00e1tica<\/h3>\r\n<p>&nbsp;<\/p>\r\n\r\n\r\n\r\n<p>Google tiene que entender la web para darle relevancia, saber de qu\u00e9 trata.<\/p>\r\n\r\n\r\n\r\n<p>Y eso se consigue centrando la web en un tema y usando las palabras clave de acuerdo al tema.<\/p>\r\n\r\n\r\n\r\n<p>Si la web trata de coches, <strong>las palabras clave<\/strong> tendr\u00e1n relaci\u00f3n con coches y la sem\u00e1ntica de la web est\u00e1 relacionada con el tema.<\/p>\r\n\r\n\r\n\r\n<p>Se trata de centrar el texto seg\u00fan las palabras clave.<\/p>\r\n\r\n\r\n\r\n<p>Lo mismo pasa con los enlaces. Si hablamos de coches, los enlaces est\u00e1n relacionados con coches.<\/p>\r\n<p>&nbsp;<\/p>\r\n\r\n\r\n\r\n<h3 class=\"wp-block-heading\">Contenido de calidad\u00a0<\/h3>\r\n<p>&nbsp;<\/p>\r\n\r\n\r\n\r\n<p>Hay mucho, mucho contenido en internet.<\/p>\r\n\r\n\r\n\r\n<p>Por eso, aportar <strong>contenido atractivo y original<\/strong> tiene mucho peso en el<strong> posicionamiento SEO<\/strong>.<\/p>\r\n\r\n\r\n\r\n<p>El t\u00edtulo y el primer p\u00e1rrafo deben enganchar al lector.<\/p>\r\n\r\n\r\n\r\n<p>La respuesta del usuario es la que da importancia o no calidad al contenido de una web.<\/p>\r\n\r\n\r\n\r\n<p>La fuerza del contenido determina el<strong> Page Rank de una web<\/strong>.<\/p>\r\n\r\n\r\n\r\n<p>Se busca <strong>calidad<\/strong>.<\/p>\r\n<p>&nbsp;<\/p>\r\n\r\n\r\n\r\n<h3 class=\"wp-block-heading\">Velocidad de carga<\/h3>\r\n<p>&nbsp;<\/p>\r\n\r\n\r\n\r\n<p>La velocidad de carga es otro factor de importancia en el <strong>posicionamiento SEO.<\/strong><\/p>\r\n\r\n\r\n\r\n<p>Tambi\u00e9n se conoce como <strong>Page Speed<\/strong>.<\/p>\r\n\r\n\r\n\r\n<p>Es el tiempo que una web tarda en cargar.<\/p>\r\n\r\n\r\n\r\n<p>Si una web tarda en cargar el contenido, \u00bfqu\u00e9 pasa?<\/p>\r\n\r\n\r\n\r\n<p>Que la gente se va.<\/p>\r\n<p>&nbsp;<\/p>\r\n\r\n\r\n\r\n<h3 class=\"wp-block-heading\">Densidad del tema\u00a0<\/h3>\r\n<p>&nbsp;<\/p>\r\n\r\n\r\n\r\n<p>La <strong>densidad del tema o entities<\/strong> tiene que ver con lo bien o mal que tratamos un tema.<\/p>\r\n\r\n\r\n\r\n<p>\u00bfSe trata bien el tema?<\/p>\r\n\r\n\r\n\r\n<p>\u00bfEl contenido est\u00e1 bien estructurado?<\/p>\r\n\r\n\r\n\r\n<p>Para tener un buen <strong>posicionamiento SEO, <\/strong>el contenido debe estar claro y bien estructurado.<\/p>\r\n\r\n\r\n\r\n<p>De nada sirve escribir un art\u00edculo de 5.000 palabras si al leerlo no lo entendemos.<\/p>\r\n<p>&nbsp;<\/p>\r\n\r\n\r\n\r\n<h3 class=\"wp-block-heading\">RankBrain<\/h3>\r\n<p>&nbsp;<\/p>\r\n\r\n\r\n\r\n<p><strong>RankBrain <\/strong>tiene que ver con la forma en que Google entrega los resultados de una b\u00fasqueda.<\/p>\r\n\r\n\r\n\r\n<p>Te explico.<\/p>\r\n\r\n\r\n\r\n<p>Google recibe millones de b\u00fasquedas todos los d\u00edas.<\/p>\r\n\r\n\r\n\r\n<p>Para dar respuestas a esas b\u00fasquedas, utiliza m\u00e1s de 200 factores con diferentes estructuras.<\/p>\r\n\r\n\r\n\r\n<p>La clave para conseguir un buen <strong>posicionamiento SEO<\/strong> es resolver la intenci\u00f3n de b\u00fasqueda del usuario.<\/p>\r\n\r\n\r\n\r\n<p>Darle lo que necesita.<\/p>\r\n<p>&nbsp;<\/p>\r\n\r\n\r\n\r\n<h3 class=\"wp-block-heading\">Link Building<\/h3>\r\n<p>&nbsp;<\/p>\r\n\r\n\r\n\r\n<p>Tener enlaces de otras webs y redes sociales ayuda a mejorar el <strong>posicionamiento SEO.\u00a0<\/strong><\/p>\r\n\r\n\r\n\r\n<p>Es relevante que los enlaces no est\u00e9n rotos y que sean de la misma tem\u00e1tica.<\/p>\r\n\r\n\r\n\r\n<p>O sea, si una web es de coches no tiene sentido, si tiene un enlace de otra web de jardiner\u00eda.<\/p>\r\n<p>&nbsp;<\/p>\r\n\r\n\r\n\r\n<h3 class=\"wp-block-heading\">Estrategia de posicionamiento SEO<\/h3>\r\n<p>&nbsp;<\/p>\r\n\r\n\r\n\r\n<p>Una buena <strong>estrategia de posicionamiento SEO <\/strong>tiene que tener en cuenta todos estos factores.<\/p>\r\n\r\n\r\n\r\n<p>Para conseguir estar bien posicionado en Google, te obliga a tenerlos en cuenta.<\/p>\r\n\r\n\r\n\r\n<p>Todos.<\/p>\r\n\r\n\r\n\r\n<p>Si se trabaja el link building y no el contenido no sirve de nada.<\/p>\r\n\r\n\r\n\r\n<p>Todos los factores deben estar bien para conseguir reputaci\u00f3n, rentabilidad y un buen <strong>posicionamiento SEO<\/strong>.<\/p>\r\n\r\n\r\n\r\n<p>&nbsp;<\/p>\r\n\r\n\r\n\r\n<h2>Practica, practica SEO Copywriting<\/h2>\r\n<p>&nbsp;<\/p>\r\n<p>Si me haces caso en todo lo que te he explicado sobre SEO copywriting, ver\u00e1s resultados,<\/p>\r\n<p>No creas que es de hoy para ma\u00f1ana.<\/p>\r\n<p>Lleva su tiempo. As\u00ed que practica, practica y practica. Sigue todos los consejos para ver c\u00f3mo mejoras tu posicionamiento.<\/p>\r\n<p><a href=\"https:\/\/angelarmas.com\/index.php\/2024\/02\/07\/copywriting-persuasivo-11-tecnicas-para-disparar-tus-ventas\/\">Aqu\u00ed te dejo 11 t\u00e9cnicas para conseguir un copywriting persuasivo.<\/a><\/p>\r\n<p>\u00bfEst\u00e1s preparado para persuadir y posicionar?<\/p>\r\n<div class=\"remoji_bar\"><div class=\"remoji_add_container\" data-remoji-id=\"89\" data-remoji-type=\"post\"><div class=\"remoji_add_icon\"><\/div><\/div><div class=\"remoji_error_bar\" data-remoji-id=\"89\" data-remoji-type=\"post\" style=\"display: none;\">Error happened.<\/div><\/div>","protected":false},"excerpt":{"rendered":"<p>Est\u00e1s en mi p\u00e1gina sobre SEO Copywriting.\u00a0Este concepto puede que te suene, pero no entiendes en qu\u00e9 consiste.\u00a0 Te entiendo. Son dos disciplinas diferentes que se emplean para conseguir contenido de calidad y posicionar bien en los buscadores.\u00a0 El copywriting crea contenido de valor que se utiliza en publicidad y ventas. Busca persuadir al lector &#8230; <a title=\"Seo Copywriting\" class=\"read-more\" href=\"https:\/\/angelarmas.com\/index.php\/seo-copywriting\/\" aria-label=\"Leer m\u00e1s sobre Seo Copywriting\">Leer m\u00e1s<\/a><\/p>\n","protected":false},"author":1,"featured_media":0,"parent":0,"menu_order":0,"comment_status":"closed","ping_status":"closed","template":"","meta":{"_joinchat":[],"footnotes":""},"class_list":["post-89","page","type-page","status-publish"],"aioseo_notices":[],"jetpack_sharing_enabled":true,"_links":{"self":[{"href":"https:\/\/angelarmas.com\/index.php\/wp-json\/wp\/v2\/pages\/89","targetHints":{"allow":["GET"]}}],"collection":[{"href":"https:\/\/angelarmas.com\/index.php\/wp-json\/wp\/v2\/pages"}],"about":[{"href":"https:\/\/angelarmas.com\/index.php\/wp-json\/wp\/v2\/types\/page"}],"author":[{"embeddable":true,"href":"https:\/\/angelarmas.com\/index.php\/wp-json\/wp\/v2\/users\/1"}],"replies":[{"embeddable":true,"href":"https:\/\/angelarmas.com\/index.php\/wp-json\/wp\/v2\/comments?post=89"}],"version-history":[{"count":40,"href":"https:\/\/angelarmas.com\/index.php\/wp-json\/wp\/v2\/pages\/89\/revisions"}],"predecessor-version":[{"id":443,"href":"https:\/\/angelarmas.com\/index.php\/wp-json\/wp\/v2\/pages\/89\/revisions\/443"}],"wp:attachment":[{"href":"https:\/\/angelarmas.com\/index.php\/wp-json\/wp\/v2\/media?parent=89"}],"curies":[{"name":"wp","href":"https:\/\/api.w.org\/{rel}","templated":true}]}}